{"id":16269,"date":"2017-05-18T19:15:18","date_gmt":"2017-05-18T19:15:18","guid":{"rendered":"https:\/\/www.caferacerdreams.es\/?page_id=16269\/"},"modified":"2017-06-07T21:10:34","modified_gmt":"2017-06-07T21:10:34","slug":"cookies-policy","status":"publish","type":"page","link":"https:\/\/caferacerdreams.es\/en\/cookies-policy\/","title":{"rendered":"Cookies"},"content":{"rendered":"<h3>\u00bfQU\u00c9 SON LAS COOKIES?<\/h3>\n<p>Una cookie es un fichero que se descarga en su ordenador al acceder a determinadas p\u00e1ginas web. Las cookies permiten a una p\u00e1gina web, entre otras cosas, almacenar y recuperar informaci\u00f3n sobre los h\u00e1bitos de navegaci\u00f3n de un usuario o de su equipo y, dependiendo de la informaci\u00f3n que contengan y de la forma en que utilice su equipo, pueden utilizarse para reconocer al usuario.<\/p>\n<h5>\u00bfQU\u00c9 TIPOS DE COOKIES UTILIZA ESTA P\u00c1GINA WEB?<\/h5>\n<h5>COOKIES PROPIAS<\/h5>\n<p>Son aqu\u00e9llas que se env\u00edan al equipo terminal del usuario desde un equipo o dominio gestionado por el propio editor y desde el que se presta el servicio solicitado por el usuario.<\/p>\n<h5>COOKIES DE TERCEROS<\/h5>\n<p>Son aqu\u00e9llas que se env\u00edan al equipo terminal del usuario desde un equipo o dominio que no es gestionado por el editor, sino por otra entidad que trata los datos obtenidos trav\u00e9s de las cookies.<\/p>\n<h5>COOKIES DE SESI\u00d3N<\/h5>\n<p>Son un tipo de cookies dise\u00f1adas para recabar y almacenar datos mientras el usuario accede a una p\u00e1gina web.<\/p>\n<h5>COOKIES PERSISTENTES<\/h5>\n<p>Son un tipo de cookies en el que los datos siguen almacenados en el terminal y pueden ser accedidos y tratados durante un periodo definido por el responsable de la cookie, y que puede ir de unos minutos a varios a\u00f1os.<\/p>\n<h5>COOKIES DE AN\u00c1LISIS<\/h5>\n<p>Son aqu\u00e9llas que bien tratadas por nosotros o por terceros, nos permiten cuantificar el n\u00famero de usuarios y as\u00ed realizar la medici\u00f3n y an\u00e1lisis estad\u00edstico de la utilizaci\u00f3n que hacen los usuarios del servicio ofertado.<br \/>\nPara ello se analiza su navegaci\u00f3n en nuestra p\u00e1gina web con el fin de mejorar la oferta de productos o servicios que le ofrecemos.<\/p>\n<h5>COOKIES PUBLICITARIAS<\/h5>\n<p>Son aqu\u00e9llas que permiten la gesti\u00f3n, de la forma m\u00e1s eficaz posible, de los espacios publicitarios que, en su caso, el editor haya incluido en una p\u00e1gina web, aplicaci\u00f3n o plataforma desde la que presta el servicio olicitado en base a criterios como el contenido editado o la frecuencia en la que se muestran los anuncios.<\/p>\n<h5>COOKIES DE PUBLICIDAD COMPORTAMENTAL<\/h5>\n<p>Son aqu\u00e9llas que permiten la gesti\u00f3n, de la forma m\u00e1s eficaz posible, de los espacios publicitarios<br \/>\nque, en su caso, el editor haya incluido en una p\u00e1gina web, aplicaci\u00f3n o plataforma desde la que presta el servicio solicitado. Estas cookies almacenan informaci\u00f3n del comportamiento de los usuarios obtenida a trav\u00e9s de la observaci\u00f3n continuada de sus h\u00e1bitos de navegaci\u00f3n,lo que permite desarrollar un perfil espec\u00edfico para mostrar publicidad en funci\u00f3n del mismo.<\/p>\n<p>Asimismo es posible que al visitar alguna pagina web o al abrir alg\u00fan email donde se publique alg\u00fan anuncio o alguna promoci\u00f3n sobre nuestros productos o servicios se instale en tu navegador alguna cookie que nos sirve para mostrarte posteriormente publicidad relacionada con la b\u00fasqueda que hayas realizado, desarrollar un control de nuestros anuncios en relaci\u00f3n, por ejemplo, con el numero de veces que son vistos, donde aparecen, a que hora se ven, etc.<\/p>\n<h3>REVOCACI\u00d3N Y ELIMINACI\u00d3N DE COOKIES<\/h3>\n<p>Usted puede permitir, bloquear o eliminar las cookies instaladas en su equipo mediante la configuraci\u00f3n de las opciones del navegador instalado en su ordenador, en caso que no permita la instalaci\u00f3n de cookies en su navegador es posible que no pueda acceder a alguna de las secciones de nuestra web.<\/p>\n<ul>\n<li>Para m\u00e1s informaci\u00f3n sobre el uso de cookies en el navegador <b>Firefox<\/b> pulse <a title=\"Informaci\u00f3n sobre el uso de cookies en Firefox\" href=\"http:\/\/support.mozilla.org\/es\/kb\/cookies-informacion-que-los-sitios-web-guardan-en-\" target=\"_blank\" rel=\"nofollow noopener noreferrer\">aqu\u00ed<\/a><\/li>\n<li>Para m\u00e1s informaci\u00f3n sobre el uso de cookies en el navegador <b>Chrome<\/b> pulse <a title=\"Informaci\u00f3n sobre el uso de cookies en Chrome\" href=\"https:\/\/support.google.com\/chrome\/answer\/95647?hl=es\" target=\"_blank\" rel=\"nofollow noopener noreferrer\">aqu\u00ed<\/a><\/li>\n<li>Para m\u00e1s informaci\u00f3n sobre el uso de cookies en el navegador <b>Explorer<\/b> pulse <a title=\"Informaci\u00f3n sobre el uso de cookies en Explorer\" href=\"http:\/\/windows.microsoft.com\/es-es\/internet-explorer\/delete-manage-cookies#ie=ie-11\" target=\"_blank\" rel=\"nofollow noopener noreferrer\">aqu\u00ed<\/a><\/li>\n<li>Para m\u00e1s informaci\u00f3n sobre el uso de cookies en el navegador <b>Safari<\/b> pulse <a title=\"Informaci\u00f3n sobre el uso de cookies en Safari\" href=\"http:\/\/support.apple.com\/kb\/HT1677?viewlocale=es_ES&amp;locale=es_ES\" target=\"_blank\" rel=\"nofollow noopener noreferrer\">aqu\u00ed<\/a><\/li>\n<li>Para m\u00e1s informaci\u00f3n sobre el uso de cookies en el navegador <b>Opera<\/b> pulse <a title=\"Informaci\u00f3n sobre el uso de cookies en Opera\" href=\"http:\/\/help.opera.com\/Mac\/12.10\/es-LA\/cookies.html\" target=\"_blank\" rel=\"nofollow noopener noreferrer\">aqu\u00ed<\/a><\/li>\n<\/ul>\n<p>No obstante, tenga en cuenta que, en caso de eliminar las cookies detalladas, su navegaci\u00f3n por la p\u00e1gina puede verse afectada.<\/p>\n<p><span style=\"text-decoration: underline;\"><strong>Cookies de Terceros<\/strong><\/span><\/p>\n<p>En algunos casos, compartimos informaci\u00f3n sobre los visitantes de este sitio de forma an\u00f3nima o agregada con terceros como puedan ser anunciantes, patrocinadores o auditores con el \u00fanico fin de mejorar nuestros servicios. Todas estas tareas de procesamiento ser\u00e1n reguladas seg\u00fan las normas legales y se respetar\u00e1n todos sus derechos en materia de protecci\u00f3n de datos conforme a la regulaci\u00f3n vigente.<\/p>\n<p>Este sitio mide el tr\u00e1fico con diferentes soluciones que pueden utilizar <em>cookies<\/em> o <em>web beacons<\/em> para analizar lo que sucede en nuestras p\u00e1ginas. Actualmente utilizamos las siguientes soluciones para la medici\u00f3n del tr\u00e1fico de este sitio. Puede ver m\u00e1s informaci\u00f3n sobre la pol\u00edtica de privacidad de cada una de las soluciones utilizadas para tal efecto:<\/p>\n<ul>\n<li>Google (Analytics): <a href=\"https:\/\/www.google.com\/intl\/es_ALL\/privacypolicy.html\" target=\"_blank\" rel=\"nofollow noopener noreferrer\">Pol\u00edtica de Privacidad de Google Analytics<\/a><\/li>\n<\/ul>\n<p>Este sitio tambi\u00e9n puede albergar publicidad propia, de afiliados, o de redes publicitarias. Esta publicidad se muestra mediante servidores publicitarios que tambi\u00e9n utilizan <em>cookies<\/em> para mostrar contenidos publicitarios afines a los usuarios. Cada uno de estos servidores publicitarios dispone de su propia pol\u00edtica de privacidad, que puede ser consultada en sus propias p\u00e1ginas web.<\/p>\n<p>Las <em>cookies<\/em> son ficheros creados en el navegador del usuario para registrar su actividad en el Sitio Web y permitirle una navegaci\u00f3n m\u00e1s fluida y personalizada.<\/p>\n<table border=\"1\">\n<thead>\n<tr>\n<td><strong>\u00a0Cookie\u00a0<\/strong><\/td>\n<td><strong>\u00a0Nombre\u00a0<\/strong><\/td>\n<td><strong>\u00a0Prop\u00f3sito\u00a0<\/strong><\/td>\n<td><strong>\u00a0M\u00e1s informaci\u00f3n\u00a0<\/strong><\/td>\n<\/tr>\n<\/thead>\n<tbody>\n<tr>\n<td>\u00a0Google Analytics<\/td>\n<td>\u00a0__atuvc<\/p>\n<p>__utma<\/p>\n<p>__utmb<\/p>\n<p>__utmc<\/p>\n<p>__utmz<\/td>\n<td>\u00a0Recopila informaci\u00f3n an\u00f3nima sobre la navegaci\u00f3n de los usuarios por el sitio web con el fin de conocer el origen de las visitas y otros datos estad\u00edsticos similares. Actualmente no usamos estas cookies.<\/td>\n<td>\u00a0\u2013 <a href=\"https:\/\/www.google.com\/intl\/es\/analytics\/privacyoverview.html\" target=\"_blank\" rel=\"noopener noreferrer\">Centro de privacidad de Google<\/a><\/p>\n<p>&nbsp;<\/p>\n<p>\u2013<a href=\"https:\/\/tools.google.com\/dlpage\/gaoptout?hl=es\" target=\"_blank\" rel=\"noopener noreferrer\">Complemento de inhabilitaci\u00f3n de Google Analytics<\/a><\/td>\n<\/tr>\n<tr>\n<td>\u00a0WordPress<\/td>\n<td>\u00a0_icl_current_language<\/td>\n<td>\u00a0Almacena el idioma actual en el cu\u00e1l se muestra la p\u00e1gina<\/td>\n<td><\/td>\n<\/tr>\n<\/tbody>\n<\/table>\n<p>Para utilizar este Sitio Web no resulta necesaria la instalaci\u00f3n de <em>cookies<\/em>. El usuario puede no aceptarlas o configurar su navegador para bloquearlas y, en su caso, eliminarlas.<\/p>\n","protected":false},"excerpt":{"rendered":"<p>\u00bfQU\u00c9 SON LAS COOKIES? Una cookie es un fichero que se descarga en su ordenador al acceder a determinadas p\u00e1ginas web. Las cookies permiten a una p\u00e1gina web, entre otras cosas, almacenar y recuperar informaci\u00f3n sobre los h\u00e1bitos de navegaci\u00f3n de un usuario o de su equipo y, dependiendo de la informaci\u00f3n que contengan y [&hellip;]<\/p>\n","protected":false},"author":1,"featured_media":0,"parent":0,"menu_order":7,"comment_status":"closed","ping_status":"closed","template":"","meta":{"_acf_changed":false,"footnotes":""},"class_list":["post-16269","page","type-page","status-publish","hentry"],"acf":[],"yoast_head":"<!-- This site is optimized with the Yoast SEO plugin v26.8 - https:\/\/yoast.com\/product\/yoast-seo-wordpress\/ -->\n<title>Cookies - Cafe Racer Dreams<\/title>\n<meta name=\"description\" content=\"\u00bfQU\u00c9 SON LAS COOKIES? Una cookie es un fichero que se descarga en su ordenador al acceder a determinadas p\u00e1ginas web. Las cookies permiten a una p\u00e1gina\" \/>\n<meta name=\"robots\" content=\"index, follow, max-snippet:-1, max-image-preview:large, max-video-preview:-1\" \/>\n<link rel=\"canonical\" href=\"https:\/\/caferacerdreams.es\/en\/cookies-policy\/\" \/>\n<meta property=\"og:locale\" content=\"en_US\" \/>\n<meta property=\"og:type\" content=\"article\" \/>\n<meta property=\"og:title\" content=\"Cookies - Cafe Racer Dreams\" \/>\n<meta property=\"og:description\" content=\"\u00bfQU\u00c9 SON LAS COOKIES? Una cookie es un fichero que se descarga en su ordenador al acceder a determinadas p\u00e1ginas web. Las cookies permiten a una p\u00e1gina\" \/>\n<meta property=\"og:url\" content=\"https:\/\/caferacerdreams.es\/en\/cookies-policy\/\" \/>\n<meta property=\"og:site_name\" content=\"Cafe Racer Dreams\" \/>\n<meta property=\"article:publisher\" content=\"https:\/\/www.facebook.com\/caferacerdreams\/\" \/>\n<meta property=\"article:modified_time\" content=\"2017-06-07T21:10:34+00:00\" \/>\n<meta property=\"og:image\" content=\"https:\/\/caferacerdreams.es\/wp-content\/uploads\/2021\/02\/CRD2020-Cafe-Racer-Dreams-BMW-Brat-Style-Jaime-de-Diego.jpg\" \/>\n\t<meta property=\"og:image:width\" content=\"1920\" \/>\n\t<meta property=\"og:image:height\" content=\"1010\" \/>\n\t<meta property=\"og:image:type\" content=\"image\/jpeg\" \/>\n<meta name=\"twitter:card\" content=\"summary_large_image\" \/>\n<meta name=\"twitter:site\" content=\"@CafeRacerDreams\" \/>\n<meta name=\"twitter:label1\" content=\"Est. reading time\" \/>\n\t<meta name=\"twitter:data1\" content=\"5 minutes\" \/>\n<script type=\"application\/ld+json\" class=\"yoast-schema-graph\">{\"@context\":\"https:\/\/schema.org\",\"@graph\":[{\"@type\":\"WebPage\",\"@id\":\"https:\/\/caferacerdreams.es\/en\/cookies-policy\/\",\"url\":\"https:\/\/caferacerdreams.es\/en\/cookies-policy\/\",\"name\":\"Cookies - Cafe Racer Dreams\",\"isPartOf\":{\"@id\":\"https:\/\/caferacerdreams.es\/#website\"},\"datePublished\":\"2017-05-18T19:15:18+00:00\",\"dateModified\":\"2017-06-07T21:10:34+00:00\",\"description\":\"\u00bfQU\u00c9 SON LAS COOKIES? Una cookie es un fichero que se descarga en su ordenador al acceder a determinadas p\u00e1ginas web. Las cookies permiten a una p\u00e1gina\",\"breadcrumb\":{\"@id\":\"https:\/\/caferacerdreams.es\/en\/cookies-policy\/#breadcrumb\"},\"inLanguage\":\"en-US\",\"potentialAction\":[{\"@type\":\"ReadAction\",\"target\":[\"https:\/\/caferacerdreams.es\/en\/cookies-policy\/\"]}]},{\"@type\":\"BreadcrumbList\",\"@id\":\"https:\/\/caferacerdreams.es\/en\/cookies-policy\/#breadcrumb\",\"itemListElement\":[{\"@type\":\"ListItem\",\"position\":1,\"name\":\"Portada\",\"item\":\"https:\/\/caferacerdreams.es\/en\/\"},{\"@type\":\"ListItem\",\"position\":2,\"name\":\"Cookies\"}]},{\"@type\":\"WebSite\",\"@id\":\"https:\/\/caferacerdreams.es\/#website\",\"url\":\"https:\/\/caferacerdreams.es\/\",\"name\":\"Cafe Racer Dreams\",\"description\":\"CRD MOTORCYCLES\",\"potentialAction\":[{\"@type\":\"SearchAction\",\"target\":{\"@type\":\"EntryPoint\",\"urlTemplate\":\"https:\/\/caferacerdreams.es\/?s={search_term_string}\"},\"query-input\":{\"@type\":\"PropertyValueSpecification\",\"valueRequired\":true,\"valueName\":\"search_term_string\"}}],\"inLanguage\":\"en-US\"}]}<\/script>\n<!-- \/ Yoast SEO plugin. -->","yoast_head_json":{"title":"Cookies - Cafe Racer Dreams","description":"\u00bfQU\u00c9 SON LAS COOKIES? Una cookie es un fichero que se descarga en su ordenador al acceder a determinadas p\u00e1ginas web. Las cookies permiten a una p\u00e1gina","robots":{"index":"index","follow":"follow","max-snippet":"max-snippet:-1","max-image-preview":"max-image-preview:large","max-video-preview":"max-video-preview:-1"},"canonical":"https:\/\/caferacerdreams.es\/en\/cookies-policy\/","og_locale":"en_US","og_type":"article","og_title":"Cookies - Cafe Racer Dreams","og_description":"\u00bfQU\u00c9 SON LAS COOKIES? Una cookie es un fichero que se descarga en su ordenador al acceder a determinadas p\u00e1ginas web. Las cookies permiten a una p\u00e1gina","og_url":"https:\/\/caferacerdreams.es\/en\/cookies-policy\/","og_site_name":"Cafe Racer Dreams","article_publisher":"https:\/\/www.facebook.com\/caferacerdreams\/","article_modified_time":"2017-06-07T21:10:34+00:00","og_image":[{"width":1920,"height":1010,"url":"https:\/\/caferacerdreams.es\/wp-content\/uploads\/2021\/02\/CRD2020-Cafe-Racer-Dreams-BMW-Brat-Style-Jaime-de-Diego.jpg","type":"image\/jpeg"}],"twitter_card":"summary_large_image","twitter_site":"@CafeRacerDreams","twitter_misc":{"Est. reading time":"5 minutes"},"schema":{"@context":"https:\/\/schema.org","@graph":[{"@type":"WebPage","@id":"https:\/\/caferacerdreams.es\/en\/cookies-policy\/","url":"https:\/\/caferacerdreams.es\/en\/cookies-policy\/","name":"Cookies - Cafe Racer Dreams","isPartOf":{"@id":"https:\/\/caferacerdreams.es\/#website"},"datePublished":"2017-05-18T19:15:18+00:00","dateModified":"2017-06-07T21:10:34+00:00","description":"\u00bfQU\u00c9 SON LAS COOKIES? Una cookie es un fichero que se descarga en su ordenador al acceder a determinadas p\u00e1ginas web. Las cookies permiten a una p\u00e1gina","breadcrumb":{"@id":"https:\/\/caferacerdreams.es\/en\/cookies-policy\/#breadcrumb"},"inLanguage":"en-US","potentialAction":[{"@type":"ReadAction","target":["https:\/\/caferacerdreams.es\/en\/cookies-policy\/"]}]},{"@type":"BreadcrumbList","@id":"https:\/\/caferacerdreams.es\/en\/cookies-policy\/#breadcrumb","itemListElement":[{"@type":"ListItem","position":1,"name":"Portada","item":"https:\/\/caferacerdreams.es\/en\/"},{"@type":"ListItem","position":2,"name":"Cookies"}]},{"@type":"WebSite","@id":"https:\/\/caferacerdreams.es\/#website","url":"https:\/\/caferacerdreams.es\/","name":"Cafe Racer Dreams","description":"CRD MOTORCYCLES","potentialAction":[{"@type":"SearchAction","target":{"@type":"EntryPoint","urlTemplate":"https:\/\/caferacerdreams.es\/?s={search_term_string}"},"query-input":{"@type":"PropertyValueSpecification","valueRequired":true,"valueName":"search_term_string"}}],"inLanguage":"en-US"}]}},"_links":{"self":[{"href":"https:\/\/caferacerdreams.es\/en\/wp-json\/wp\/v2\/pages\/16269","targetHints":{"allow":["GET"]}}],"collection":[{"href":"https:\/\/caferacerdreams.es\/en\/wp-json\/wp\/v2\/pages"}],"about":[{"href":"https:\/\/caferacerdreams.es\/en\/wp-json\/wp\/v2\/types\/page"}],"author":[{"embeddable":true,"href":"https:\/\/caferacerdreams.es\/en\/wp-json\/wp\/v2\/users\/1"}],"replies":[{"embeddable":true,"href":"https:\/\/caferacerdreams.es\/en\/wp-json\/wp\/v2\/comments?post=16269"}],"version-history":[{"count":0,"href":"https:\/\/caferacerdreams.es\/en\/wp-json\/wp\/v2\/pages\/16269\/revisions"}],"wp:attachment":[{"href":"https:\/\/caferacerdreams.es\/en\/wp-json\/wp\/v2\/media?parent=16269"}],"curies":[{"name":"wp","href":"https:\/\/api.w.org\/{rel}","templated":true}]}}